{"id":821,"date":"2024-04-18T16:41:51","date_gmt":"2024-04-18T16:41:51","guid":{"rendered":"https:\/\/stanleyforflorida.com\/?page_id=821"},"modified":"2024-04-18T20:19:30","modified_gmt":"2024-04-18T20:19:30","slug":"our-vision","status":"publish","type":"page","link":"https:\/\/stanleyforflorida.com\/es\/our-vision\/","title":{"rendered":"NUESTRA VISI\u00d3N"},"content":{"rendered":"<p>[et_pb_section fb_built=&#8221;1&#8243; fullwidth=&#8221;on&#8221; _builder_version=&#8221;4.24.3&#8243; _module_preset=&#8221;default&#8221; global_colors_info=&#8221;{}&#8221;][et_pb_fullwidth_header title=&#8221;Our Vision&#8221; _builder_version=&#8221;4.24.3&#8243; _module_preset=&#8221;default&#8221; title_font=&#8221;|700||on|||||&#8221; title_text_align=&#8221;center&#8221; title_font_size=&#8221;50px&#8221; background_color=&#8221;#35318A&#8221; global_colors_info=&#8221;{}&#8221;][\/et_pb_fullwidth_header][\/et_pb_section][et_pb_section fb_built=&#8221;1&#8243; _builder_version=&#8221;4.24.0&#8243; _module_preset=&#8221;default&#8221; min_height=&#8221;1075px&#8221; global_colors_info=&#8221;{}&#8221;][et_pb_row _builder_version=&#8221;4.24.0&#8243; _module_preset=&#8221;default&#8221; global_colors_info=&#8221;{}&#8221;][et_pb_column type=&#8221;4_4&#8243; _builder_version=&#8221;4.24.0&#8243; _module_preset=&#8221;default&#8221; global_colors_info=&#8221;{}&#8221;][et_pb_text admin_label=&#8221;Text&#8221; _builder_version=&#8221;4.24.3&#8243; _module_preset=&#8221;default&#8221; text_text_color=&#8221;#23215E&#8221; custom_margin=&#8221;26px|||||&#8221; global_colors_info=&#8221;{}&#8221;]<\/p>\n<p>Nacido y criado en el coraz\u00f3n del estado, educado en su capital y habi\u00e9ndose convertido en\npiloto de la Marina de los EE. UU. en su territorio, Stanley ofrece una refrescante combinaci\u00f3n de experiencia, integridad y visi\u00f3n. Sus experiencias le han brindado una profunda comprensi\u00f3n de los desaf\u00edos y oportunidades \u00fanicos que enfrentan sus diversas comunidades. Su capacidad para salvar divisiones y su compromiso con la colaboraci\u00f3n bipartidista lo convierten en una opci\u00f3n convincente para los votantes de Florida que buscan una voz unificadora en Washington.<\/p>\n<p>[\/et_pb_text][\/et_pb_column][\/et_pb_row][et_pb_row _builder_version=&#8221;4.24.3&#8243; _module_preset=&#8221;default&#8221; custom_padding=&#8221;30px||||false|false&#8221; global_colors_info=&#8221;{}&#8221;][et_pb_column type=&#8221;4_4&#8243; _builder_version=&#8221;4.24.3&#8243; _module_preset=&#8221;default&#8221; global_colors_info=&#8221;{}&#8221;][et_pb_image src=&#8221;https:\/\/stanleyforflorida.com\/wp-content\/uploads\/2024\/04\/Unity.jpg&#8221; alt=&#8221;Unity&#8221; title_text=&#8221;Unity&#8221; _builder_version=&#8221;4.24.3&#8243; _module_preset=&#8221;default&#8221; global_colors_info=&#8221;{}&#8221;][\/et_pb_image][et_pb_text admin_label=&#8221;Text&#8221; _builder_version=&#8221;4.24.3&#8243; _module_preset=&#8221;default&#8221; text_font=&#8221;Roboto||||||||&#8221; text_text_color=&#8221;#23215E&#8221; header_2_font=&#8221;|600|||||||&#8221; header_2_font_size=&#8221;40px&#8221; global_colors_info=&#8221;{}&#8221;]<\/p>\n<h2>Unidad<\/h2>\n<p>Stanley cree firmemente que hay mucho m\u00e1s que nos une que lo que nos diferencia. Cuando\nera un joven estudiante negro trasladado en autob\u00fas a una escuela jud\u00eda durante la abolici\u00f3n de la segregaci\u00f3n, Stanley aprendi\u00f3 desde el principio y de primera mano los desaf\u00edos que enfrentan las comunidades racial y \u00e9tnicamente diversas. Tambi\u00e9n aprendi\u00f3 que la unidad, la colaboraci\u00f3n y la inclusi\u00f3n son las claves para construir vecindarios y ciudades armoniosos y econ\u00f3micamente exitosos.<\/p>\n<p>[\/et_pb_text][\/et_pb_column][\/et_pb_row][et_pb_row _builder_version=&#8221;4.24.3&#8243; _module_preset=&#8221;default&#8221; custom_padding=&#8221;30px||||false|false&#8221; global_colors_info=&#8221;{}&#8221;][et_pb_column type=&#8221;4_4&#8243; _builder_version=&#8221;4.24.3&#8243; _module_preset=&#8221;default&#8221; global_colors_info=&#8221;{}&#8221;][et_pb_image src=&#8221;https:\/\/stanleyforflorida.com\/wp-content\/uploads\/2024\/04\/Security.jpg&#8221; alt=&#8221;Security&#8221; title_text=&#8221;Security&#8221; _builder_version=&#8221;4.24.3&#8243; _module_preset=&#8221;default&#8221; global_colors_info=&#8221;{}&#8221;][\/et_pb_image][et_pb_text admin_label=&#8221;Text&#8221; _builder_version=&#8221;4.24.3&#8243; _module_preset=&#8221;default&#8221; text_font=&#8221;Roboto||||||||&#8221; text_text_color=&#8221;#23215E&#8221; header_2_font=&#8221;|600|||||||&#8221; header_2_font_size=&#8221;40px&#8221; global_colors_info=&#8221;{}&#8221;]<\/p>\n<h2>Seguridad<\/h2>\n<p>Ya sean las calles de nuestros vecindarios, nuestras fronteras o nuestra infraestructura\ntecnol\u00f3gica y sistemas de informaci\u00f3n, todos los estadounidenses merecen sentirse seguros.\nCon su amplia experiencia en ciberseguridad, Stanley valora y prioriza profundamente la\nseguridad en su servicio p\u00fablico y carrera profesional.<\/p>\n<p>[\/et_pb_text][\/et_pb_column][\/et_pb_row][et_pb_row _builder_version=&#8221;4.24.3&#8243; _module_preset=&#8221;default&#8221; custom_padding=&#8221;30px||||false|false&#8221; global_colors_info=&#8221;{}&#8221;][et_pb_column type=&#8221;4_4&#8243; _builder_version=&#8221;4.24.3&#8243; _module_preset=&#8221;default&#8221; global_colors_info=&#8221;{}&#8221;][et_pb_image src=&#8221;https:\/\/stanleyforflorida.com\/wp-content\/uploads\/2024\/04\/Opportunity.jpg&#8221; alt=&#8221;Opportunity&#8221; title_text=&#8221;Opportunity&#8221; _builder_version=&#8221;4.24.3&#8243; _module_preset=&#8221;default&#8221; global_colors_info=&#8221;{}&#8221;][\/et_pb_image][et_pb_text admin_label=&#8221;Text&#8221; _builder_version=&#8221;4.24.3&#8243; _module_preset=&#8221;default&#8221; text_font=&#8221;Roboto||||||||&#8221; text_text_color=&#8221;#23215E&#8221; header_2_font=&#8221;|600|||||||&#8221; header_2_font_size=&#8221;40px&#8221; global_colors_info=&#8221;{}&#8221;]<\/p>\n<h2>Oportunidad<\/h2>\n<p>Desde el sistema de escuelas p\u00fablicas de Florida y el Historically Black College (HBCU) hasta fil\u00e1ntropo y empresario exitoso, Stanley comprende la importancia de una educaci\u00f3n adecuada. Con m\u00e1s de 30 a\u00f1os de experiencia en la creaci\u00f3n de peque\u00f1as empresas, tambi\u00e9n cree que \u00e9stas impulsan el crecimiento econ\u00f3mico y la prosperidad para todos. Como senador de los Estados Unidos, Stanley est\u00e1 comprometido a promulgar legislaci\u00f3n que brinde acceso a oportunidades educativas y econ\u00f3micas para todos.<\/p>\n<p>[\/et_pb_text][\/et_pb_column][\/et_pb_row][\/et_pb_section][et_pb_section fb_built=&#8221;1&#8243; _builder_version=&#8221;4.25.0&#8243; _module_preset=&#8221;default&#8221; background_color=&#8221;#23215E&#8221; global_module=&#8221;953&#8243; saved_tabs=&#8221;all&#8221; locked=&#8221;off&#8221; global_colors_info=&#8221;{}&#8221;][et_pb_row column_structure=&#8221;1_2,1_2&#8243; _builder_version=&#8221;4.25.0&#8243; _module_preset=&#8221;default&#8221; global_colors_info=&#8221;{}&#8221;][et_pb_column type=&#8221;1_2&#8243; _builder_version=&#8221;4.25.0&#8243; _module_preset=&#8221;default&#8221; global_colors_info=&#8221;{}&#8221;][et_pb_text _builder_version=&#8221;4.25.0&#8243; _module_preset=&#8221;default&#8221; link_font=&#8221;||||on||||&#8221; link_text_color=&#8221;#ffffff&#8221; text_orientation=&#8221;center&#8221; global_colors_info=&#8221;{}&#8221;]<\/p>\n<p><a href=\"mailto:info@stanleyforflorida.com\">info@stanleyforflorida.com<\/a><\/p>\n<p>[\/et_pb_text][et_pb_social_media_follow use_icon_font_size=&#8221;on&#8221; icon_font_size=&#8221;25px&#8221; _builder_version=&#8221;4.25.0&#8243; _module_preset=&#8221;default&#8221; text_orientation=&#8221;center&#8221; border_radii=&#8221;on|50px|50px|50px|50px&#8221; global_colors_info=&#8221;{}&#8221;][et_pb_social_media_follow_network social_network=&#8221;facebook&#8221; url=&#8221;https:\/\/www.facebook.com\/stanleyforflorida\/&#8221; _builder_version=&#8221;4.25.0&#8243; _module_preset=&#8221;default&#8221; background_color=&#8221;#3b5998&#8243; global_colors_info=&#8221;{}&#8221; follow_button=&#8221;off&#8221; url_new_window=&#8221;on&#8221;]facebook[\/et_pb_social_media_follow_network][et_pb_social_media_follow_network social_network=&#8221;twitter&#8221; url=&#8221;https:\/\/twitter.com\/StanleyforFla&#8221; _builder_version=&#8221;4.25.0&#8243; _module_preset=&#8221;default&#8221; background_color=&#8221;#000000&#8243; global_colors_info=&#8221;{}&#8221; follow_button=&#8221;off&#8221; url_new_window=&#8221;on&#8221;]X[\/et_pb_social_media_follow_network][et_pb_social_media_follow_network social_network=&#8221;instagram&#8221; url=&#8221;https:\/\/instagram.com\/stanleyforflorida\/&#8221; _builder_version=&#8221;4.25.0&#8243; _module_preset=&#8221;default&#8221; background_color=&#8221;#ea2c59&#8243; global_colors_info=&#8221;{}&#8221; follow_button=&#8221;off&#8221; url_new_window=&#8221;on&#8221;]instagram[\/et_pb_social_media_follow_network][et_pb_social_media_follow_network social_network=&#8221;youtube&#8221; url=&#8221;https:\/\/youtube.com\/@stanleyforflorida&#8221; _builder_version=&#8221;4.25.0&#8243; _module_preset=&#8221;default&#8221; background_color=&#8221;#a82400&#8243; global_colors_info=&#8221;{}&#8221; follow_button=&#8221;off&#8221; url_new_window=&#8221;on&#8221;]youtube[\/et_pb_social_media_follow_network][\/et_pb_social_media_follow][\/et_pb_column][et_pb_column type=&#8221;1_2&#8243; _builder_version=&#8221;4.25.0&#8243; _module_preset=&#8221;default&#8221; global_colors_info=&#8221;{}&#8221;][et_pb_text _builder_version=&#8221;4.25.0&#8243; _module_preset=&#8221;default&#8221; header_3_text_color=&#8221;#ffffff&#8221; custom_margin=&#8221;||0px||false|false&#8221; custom_padding=&#8221;||0px||false|false&#8221; global_colors_info=&#8221;{}&#8221;]<\/p>\n<h3>Boletin informativo<\/h3>\n<p>[\/et_pb_text][et_pb_wpt_gravityform gravityform_id=&#8221;gf-1&#8243; title=&#8221;off&#8221; _builder_version=&#8221;4.25.0&#8243; _module_preset=&#8221;default&#8221; global_colors_info=&#8221;{}&#8221;][\/et_pb_wpt_gravityform][\/et_pb_column][\/et_pb_row][\/et_pb_section]<\/p>","protected":false},"excerpt":{"rendered":"<p>Born and raised in the heart of the state, educated in its capital, and having become a U.S. Navy Pilot in its panhandle, Stanley offers a refreshing blend of experience, integrity and vision. His experiences have given him a profound understanding of the unique challenges and opportunities facing its diverse communities. His ability to bridge [&hellip;]<\/p>","protected":false},"author":1,"featured_media":0,"parent":0,"menu_order":0,"comment_status":"closed","ping_status":"closed","template":"","meta":{"_et_pb_use_builder":"on","_et_pb_old_content":"","_et_gb_content_width":"","footnotes":""},"class_list":["post-821","page","type-page","status-publish","hentry"],"yoast_head":"<!-- This site is optimized with the Yoast SEO plugin v23.2 - https:\/\/yoast.com\/wordpress\/plugins\/seo\/ -->\n<title>Our Vision | Stanley Campbell for US Senate | Florida | US<\/title>\n<meta name=\"description\" content=\"Discover the inspiring vision for a brighter future with Stanley Campbell, a Democratic US Senate candidate in Florida. Learn more about our commitment to progress and positive change.\" \/>\n<meta name=\"robots\" content=\"index, follow, max-snippet:-1, max-image-preview:large, max-video-preview:-1\" \/>\n<link rel=\"canonical\" href=\"https:\/\/stanleyforflorida.com\/es\/our-vision\/\" \/>\n<meta property=\"og:locale\" content=\"es_ES\" \/>\n<meta property=\"og:type\" content=\"article\" \/>\n<meta property=\"og:title\" content=\"Our Vision | Stanley Campbell for US Senate | Florida | US\" \/>\n<meta property=\"og:description\" content=\"Discover the inspiring vision for a brighter future with Stanley Campbell, a Democratic US Senate candidate in Florida. Learn more about our commitment to progress and positive change.\" \/>\n<meta property=\"og:url\" content=\"https:\/\/stanleyforflorida.com\/es\/our-vision\/\" \/>\n<meta property=\"og:site_name\" content=\"Stanley for U.S. Senate\" \/>\n<meta property=\"article:modified_time\" content=\"2024-04-18T20:19:30+00:00\" \/>\n<meta property=\"og:image\" content=\"https:\/\/stanleyforflorida.com\/wp-content\/uploads\/2023\/10\/Stanley-for-Florida-Logo-Blue.png\" \/>\n\t<meta property=\"og:image:width\" content=\"2000\" \/>\n\t<meta property=\"og:image:height\" content=\"581\" \/>\n\t<meta property=\"og:image:type\" content=\"image\/png\" \/>\n<meta name=\"twitter:card\" content=\"summary_large_image\" \/>\n<meta name=\"twitter:label1\" content=\"Tiempo de lectura\" \/>\n\t<meta name=\"twitter:data1\" content=\"2 minutos\" \/>\n<script type=\"application\/ld+json\" class=\"yoast-schema-graph\">{\"@context\":\"https:\/\/schema.org\",\"@graph\":[{\"@type\":\"WebPage\",\"@id\":\"https:\/\/stanleyforflorida.com\/our-vision\/\",\"url\":\"https:\/\/stanleyforflorida.com\/our-vision\/\",\"name\":\"Our Vision | Stanley Campbell for US Senate | Florida | US\",\"isPartOf\":{\"@id\":\"https:\/\/stanleyforflorida.com\/#website\"},\"datePublished\":\"2024-04-18T16:41:51+00:00\",\"dateModified\":\"2024-04-18T20:19:30+00:00\",\"description\":\"Discover the inspiring vision for a brighter future with Stanley Campbell, a Democratic US Senate candidate in Florida. Learn more about our commitment to progress and positive change.\",\"breadcrumb\":{\"@id\":\"https:\/\/stanleyforflorida.com\/our-vision\/#breadcrumb\"},\"inLanguage\":\"es-CO\",\"potentialAction\":[{\"@type\":\"ReadAction\",\"target\":[\"https:\/\/stanleyforflorida.com\/our-vision\/\"]}]},{\"@type\":\"BreadcrumbList\",\"@id\":\"https:\/\/stanleyforflorida.com\/our-vision\/#breadcrumb\",\"itemListElement\":[{\"@type\":\"ListItem\",\"position\":1,\"name\":\"Home\",\"item\":\"https:\/\/stanleyforflorida.com\/en\/\"},{\"@type\":\"ListItem\",\"position\":2,\"name\":\"Our Vision\"}]},{\"@type\":\"WebSite\",\"@id\":\"https:\/\/stanleyforflorida.com\/#website\",\"url\":\"https:\/\/stanleyforflorida.com\/\",\"name\":\"Stanley for U.S. Senate\",\"description\":\"Fighting for a better Florida\",\"publisher\":{\"@id\":\"https:\/\/stanleyforflorida.com\/#organization\"},\"potentialAction\":[{\"@type\":\"SearchAction\",\"target\":{\"@type\":\"EntryPoint\",\"urlTemplate\":\"https:\/\/stanleyforflorida.com\/?s={search_term_string}\"},\"query-input\":\"required name=search_term_string\"}],\"inLanguage\":\"es-CO\"},{\"@type\":\"Organization\",\"@id\":\"https:\/\/stanleyforflorida.com\/#organization\",\"name\":\"Stanley for U.S. Senate\",\"url\":\"https:\/\/stanleyforflorida.com\/\",\"logo\":{\"@type\":\"ImageObject\",\"inLanguage\":\"es-CO\",\"@id\":\"https:\/\/stanleyforflorida.com\/#\/schema\/logo\/image\/\",\"url\":\"https:\/\/stanleyforflorida.com\/wp-content\/uploads\/2023\/10\/Stanley-for-Florida-Logo-Blue.png\",\"contentUrl\":\"https:\/\/stanleyforflorida.com\/wp-content\/uploads\/2023\/10\/Stanley-for-Florida-Logo-Blue.png\",\"width\":2000,\"height\":581,\"caption\":\"Stanley for U.S. Senate\"},\"image\":{\"@id\":\"https:\/\/stanleyforflorida.com\/#\/schema\/logo\/image\/\"},\"sameAs\":[\"https:\/\/youtu.be\/p6ultlgUkCE\"]}]}<\/script>\n<!-- \/ Yoast SEO plugin. -->","yoast_head_json":{"title":"Our Vision | Stanley Campbell for US Senate | Florida | US","description":"Discover the inspiring vision for a brighter future with Stanley Campbell, a Democratic US Senate candidate in Florida. Learn more about our commitment to progress and positive change.","robots":{"index":"index","follow":"follow","max-snippet":"max-snippet:-1","max-image-preview":"max-image-preview:large","max-video-preview":"max-video-preview:-1"},"canonical":"https:\/\/stanleyforflorida.com\/es\/our-vision\/","og_locale":"es_ES","og_type":"article","og_title":"Our Vision | Stanley Campbell for US Senate | Florida | US","og_description":"Discover the inspiring vision for a brighter future with Stanley Campbell, a Democratic US Senate candidate in Florida. Learn more about our commitment to progress and positive change.","og_url":"https:\/\/stanleyforflorida.com\/es\/our-vision\/","og_site_name":"Stanley for U.S. Senate","article_modified_time":"2024-04-18T20:19:30+00:00","og_image":[{"width":2000,"height":581,"url":"https:\/\/stanleyforflorida.com\/wp-content\/uploads\/2023\/10\/Stanley-for-Florida-Logo-Blue.png","type":"image\/png"}],"twitter_card":"summary_large_image","twitter_misc":{"Tiempo de lectura":"2 minutos"},"schema":{"@context":"https:\/\/schema.org","@graph":[{"@type":"WebPage","@id":"https:\/\/stanleyforflorida.com\/our-vision\/","url":"https:\/\/stanleyforflorida.com\/our-vision\/","name":"Our Vision | Stanley Campbell for US Senate | Florida | US","isPartOf":{"@id":"https:\/\/stanleyforflorida.com\/#website"},"datePublished":"2024-04-18T16:41:51+00:00","dateModified":"2024-04-18T20:19:30+00:00","description":"Discover the inspiring vision for a brighter future with Stanley Campbell, a Democratic US Senate candidate in Florida. Learn more about our commitment to progress and positive change.","breadcrumb":{"@id":"https:\/\/stanleyforflorida.com\/our-vision\/#breadcrumb"},"inLanguage":"es-CO","potentialAction":[{"@type":"ReadAction","target":["https:\/\/stanleyforflorida.com\/our-vision\/"]}]},{"@type":"BreadcrumbList","@id":"https:\/\/stanleyforflorida.com\/our-vision\/#breadcrumb","itemListElement":[{"@type":"ListItem","position":1,"name":"Home","item":"https:\/\/stanleyforflorida.com\/en\/"},{"@type":"ListItem","position":2,"name":"Our Vision"}]},{"@type":"WebSite","@id":"https:\/\/stanleyforflorida.com\/#website","url":"https:\/\/stanleyforflorida.com\/","name":"Stanley for U.S. Senate","description":"Fighting for a better Florida","publisher":{"@id":"https:\/\/stanleyforflorida.com\/#organization"},"potentialAction":[{"@type":"SearchAction","target":{"@type":"EntryPoint","urlTemplate":"https:\/\/stanleyforflorida.com\/?s={search_term_string}"},"query-input":"required name=search_term_string"}],"inLanguage":"es-CO"},{"@type":"Organization","@id":"https:\/\/stanleyforflorida.com\/#organization","name":"Stanley for U.S. Senate","url":"https:\/\/stanleyforflorida.com\/","logo":{"@type":"ImageObject","inLanguage":"es-CO","@id":"https:\/\/stanleyforflorida.com\/#\/schema\/logo\/image\/","url":"https:\/\/stanleyforflorida.com\/wp-content\/uploads\/2023\/10\/Stanley-for-Florida-Logo-Blue.png","contentUrl":"https:\/\/stanleyforflorida.com\/wp-content\/uploads\/2023\/10\/Stanley-for-Florida-Logo-Blue.png","width":2000,"height":581,"caption":"Stanley for U.S. Senate"},"image":{"@id":"https:\/\/stanleyforflorida.com\/#\/schema\/logo\/image\/"},"sameAs":["https:\/\/youtu.be\/p6ultlgUkCE"]}]}},"_links":{"self":[{"href":"https:\/\/stanleyforflorida.com\/es\/wp-json\/wp\/v2\/pages\/821","targetHints":{"allow":["GET"]}}],"collection":[{"href":"https:\/\/stanleyforflorida.com\/es\/wp-json\/wp\/v2\/pages"}],"about":[{"href":"https:\/\/stanleyforflorida.com\/es\/wp-json\/wp\/v2\/types\/page"}],"author":[{"embeddable":true,"href":"https:\/\/stanleyforflorida.com\/es\/wp-json\/wp\/v2\/users\/1"}],"replies":[{"embeddable":true,"href":"https:\/\/stanleyforflorida.com\/es\/wp-json\/wp\/v2\/comments?post=821"}],"version-history":[{"count":19,"href":"https:\/\/stanleyforflorida.com\/es\/wp-json\/wp\/v2\/pages\/821\/revisions"}],"predecessor-version":[{"id":964,"href":"https:\/\/stanleyforflorida.com\/es\/wp-json\/wp\/v2\/pages\/821\/revisions\/964"}],"wp:attachment":[{"href":"https:\/\/stanleyforflorida.com\/es\/wp-json\/wp\/v2\/media?parent=821"}],"curies":[{"name":"wp","href":"https:\/\/api.w.org\/{rel}","templated":true}]}}