{"id":13,"date":"2023-10-05T04:26:01","date_gmt":"2023-10-05T04:26:01","guid":{"rendered":"https:\/\/stanleyforflorida.ddns.net\/?page_id=13"},"modified":"2024-07-16T11:02:44","modified_gmt":"2024-07-16T15:02:44","slug":"meet-stanley","status":"publish","type":"page","link":"https:\/\/stanleyforflorida.com\/es\/meet-stanley\/","title":{"rendered":"CONOCE A STANLEY"},"content":{"rendered":"<p>[et_pb_section fb_built=&#8221;1&#8243; fullwidth=&#8221;on&#8221; _builder_version=&#8221;4.24.3&#8243; _module_preset=&#8221;default&#8221; locked=&#8221;off&#8221; global_colors_info=&#8221;{}&#8221;][et_pb_fullwidth_header title=&#8221;Meet Stanley&#8221; _builder_version=&#8221;4.24.3&#8243; _module_preset=&#8221;default&#8221; title_font=&#8221;|700||on|||||&#8221; title_text_align=&#8221;center&#8221; title_font_size=&#8221;50px&#8221; background_color=&#8221;#35318A&#8221; global_colors_info=&#8221;{}&#8221;][\/et_pb_fullwidth_header][\/et_pb_section][et_pb_section fb_built=&#8221;1&#8243; admin_label=&#8221;About&#8221; _builder_version=&#8221;4.23.1&#8243; background_color=&#8221;#ECEBF3&#8243; global_colors_info=&#8221;{}&#8221;][et_pb_row column_structure=&#8221;1_2,1_2&#8243; _builder_version=&#8221;4.24.3&#8243; custom_margin=&#8221;-15px|auto||auto||&#8221; global_colors_info=&#8221;{}&#8221;][et_pb_column type=&#8221;1_2&#8243; _builder_version=&#8221;4.16&#8243; custom_padding=&#8221;|||&#8221; global_colors_info=&#8221;{}&#8221; custom_padding__hover=&#8221;|||&#8221;][et_pb_text _builder_version=&#8221;4.26.1&#8243; text_text_color=&#8221;#00284A&#8221; text_font_size=&#8221;16px&#8221; hover_enabled=&#8221;0&#8243; text_font_size_tablet=&#8221;&#8221; text_font_size_phone=&#8221;&#8221; text_font_size_last_edited=&#8221;on|phone&#8221; locked=&#8221;off&#8221; global_colors_info=&#8221;{}&#8221; sticky_enabled=&#8221;0&#8243;]<\/p>\n<p><strong>Stanley proviene de ra\u00edces humildes y amorosas y una carrera marcada por la dedicaci\u00f3n al\nservicio p\u00fablico. Aporta una gran experiencia y una visi\u00f3n de un futuro mejor para el Estado del\nSol.<\/strong><\/p>\n<p>Stanley es un nativo de Florida, criado en el \u00e1rea de Liberty City en Miami, de padre jamaicano\nque fue un defensor de las escuelas p\u00fablicas y trabajador sindical durante toda su vida, y de\nmadre bahame\u00f1a que fue peluquera y organizadora comunitaria.<\/p>\n<p><strong>Centrado y disciplinado, Stanley se dedic\u00f3 al servicio p\u00fablico a trav\u00e9s de una exitosa carrera en\nel ej\u00e9rcito de EE. UU., la NASA, atenci\u00f3n m\u00e9dica y tecnolog\u00eda, inteligencia artificial y seguridad\ncibern\u00e9tica.<\/strong><\/p>\n<p>Stanley received his education from the Miami-Dade public school system and furthered his studies at Florida A&amp;M University (FAMU). At just nineteen years old, he created the data reduction algorithm and aero-analysis for the Voyager 2 spacecraft, which continues to travel through interstellar space to this day.<\/p>\n<p>Despu\u00e9s de graduarse, se embarc\u00f3 en una distinguida carrera militar al convertirse en piloto y\npiloto de pruebas de la Marina de los EE. UU., donde asumi\u00f3 el mando de la principal\nplataforma de comunicaciones a\u00e9reas de la Marina, TACAMO. Su experiencia en Matem\u00e1ticas\ny F\u00edsica, combinada con esta gran experiencia, finalmente result\u00f3 en su nombramiento para el\nConsejo Asesor Ejecutivo de la NASA durante la administraci\u00f3n de George HW Bush.<\/p>\n<p>Sus esfuerzos en el \u00e1mbito de la seguridad cibern\u00e9tica, destacados por su mandato en la\nAgencia de Inteligencia de Defensa y sus contribuciones fundamentales a la iniciativa de\nSeguridad e Inspecci\u00f3n de Pasajeros de la TSA, subrayan su capacidad para reforzar los\nprotocolos de seguridad nacional. Adem\u00e1s, su cartera cuenta con 14 patentes en Inteligencia\nArtificial, lo que refleja su dedicaci\u00f3n a aprovechar tecnolog\u00edas innovadoras para mejorar y salvaguardar vidas.<\/p>\n<p><strong>Hoy en d\u00eda, dirige una empresa mundial de tecnolog\u00eda sanitaria que es directamente\nresponsable de prevenir fraudes al Medicare por valor de 120 millones de d\u00f3lares DIARIOS,\nm\u00e1s de medio bill\u00f3n de d\u00f3lares hasta la fecha.<\/strong><\/p>\n<p>He and his wife, Mrs. Cheryl Campbell, currently reside in Palm City, Florida at Martin Downs Golf Country Club, which they purchased and redeveloped in 2021. They have been married for 35 years and are the proud parents of three adult sons.<\/p>\n<p>[\/et_pb_text][\/et_pb_column][et_pb_column type=&#8221;1_2&#8243; _builder_version=&#8221;4.16&#8243; custom_padding=&#8221;|||&#8221; global_colors_info=&#8221;{}&#8221; custom_padding__hover=&#8221;|||&#8221;][et_pb_video src=&#8221;https:\/\/www.youtube.com\/watch?v=yTajJULX8i0&#8243; image_src=&#8221;\/\/i.ytimg.com\/vi\/yTajJULX8i0\/hqdefault.jpg&#8221; _builder_version=&#8221;4.24.3&#8243; _module_preset=&#8221;default&#8221; global_colors_info=&#8221;{}&#8221;][\/et_pb_video][et_pb_image src=&#8221;https:\/\/stanleyforflorida.com\/wp-content\/uploads\/2024\/04\/Stanley-and-Cheryl-Campbell-at-FAMU-game.-Go-Rattlers-1024&#215;768.jpg&#8221; alt=&#8221;Stanley and Cheryl Campbell at FAMU game. Go Rattlers!&#8221; title_text=&#8221;Stanley and Cheryl Campbell at FAMU game. Go Rattlers!&#8221; align=&#8221;center&#8221; _builder_version=&#8221;4.24.3&#8243; _module_preset=&#8221;default&#8221; global_colors_info=&#8221;{}&#8221;][\/et_pb_image][et_pb_image src=&#8221;https:\/\/stanleyforflorida.com\/wp-content\/uploads\/2024\/04\/Stanley-Campbell-and-Reverend-Al-Sharpton-1024&#215;768.jpg&#8221; alt=&#8221;Stanley Campbell and Reverend Al Sharpton&#8221; title_text=&#8221;Stanley Campbell and Reverend Al Sharpton&#8221; align=&#8221;center&#8221; _builder_version=&#8221;4.24.3&#8243; _module_preset=&#8221;default&#8221; global_colors_info=&#8221;{}&#8221;][\/et_pb_image][et_pb_image src=&#8221;https:\/\/stanleyforflorida.com\/wp-content\/uploads\/2024\/04\/Stanley-and-Cheryl-Campbell-on-the-campaign-trail-1024&#215;768.jpg&#8221; alt=&#8221;Stanley and Cheryl Campbell on the campaign trail&#8221; title_text=&#8221;Stanley and Cheryl Campbell on the campaign trail&#8221; align=&#8221;center&#8221; _builder_version=&#8221;4.24.3&#8243; _module_preset=&#8221;default&#8221; global_colors_info=&#8221;{}&#8221;][\/et_pb_image][\/et_pb_column][\/et_pb_row][\/et_pb_section][et_pb_section fb_built=&#8221;1&#8243; _builder_version=&#8221;4.25.0&#8243; _module_preset=&#8221;default&#8221; background_color=&#8221;#23215E&#8221; global_module=&#8221;953&#8243; saved_tabs=&#8221;all&#8221; locked=&#8221;off&#8221; global_colors_info=&#8221;{}&#8221;][et_pb_row column_structure=&#8221;1_2,1_2&#8243; _builder_version=&#8221;4.25.0&#8243; _module_preset=&#8221;default&#8221; global_colors_info=&#8221;{}&#8221;][et_pb_column type=&#8221;1_2&#8243; _builder_version=&#8221;4.25.0&#8243; _module_preset=&#8221;default&#8221; global_colors_info=&#8221;{}&#8221;][et_pb_text _builder_version=&#8221;4.25.0&#8243; _module_preset=&#8221;default&#8221; link_font=&#8221;||||on||||&#8221; link_text_color=&#8221;#ffffff&#8221; text_orientation=&#8221;center&#8221; global_colors_info=&#8221;{}&#8221;]<\/p>\n<p><a href=\"mailto:info@stanleyforflorida.com\">info@stanleyforflorida.com<\/a><\/p>\n<p>[\/et_pb_text][et_pb_social_media_follow use_icon_font_size=&#8221;on&#8221; icon_font_size=&#8221;25px&#8221; _builder_version=&#8221;4.25.0&#8243; _module_preset=&#8221;default&#8221; text_orientation=&#8221;center&#8221; border_radii=&#8221;on|50px|50px|50px|50px&#8221; global_colors_info=&#8221;{}&#8221;][et_pb_social_media_follow_network social_network=&#8221;facebook&#8221; url=&#8221;https:\/\/www.facebook.com\/stanleyforflorida\/&#8221; _builder_version=&#8221;4.25.0&#8243; _module_preset=&#8221;default&#8221; background_color=&#8221;#3b5998&#8243; global_colors_info=&#8221;{}&#8221; follow_button=&#8221;off&#8221; url_new_window=&#8221;on&#8221;]facebook[\/et_pb_social_media_follow_network][et_pb_social_media_follow_network social_network=&#8221;twitter&#8221; url=&#8221;https:\/\/twitter.com\/StanleyforFla&#8221; _builder_version=&#8221;4.25.0&#8243; _module_preset=&#8221;default&#8221; background_color=&#8221;#000000&#8243; global_colors_info=&#8221;{}&#8221; follow_button=&#8221;off&#8221; url_new_window=&#8221;on&#8221;]X[\/et_pb_social_media_follow_network][et_pb_social_media_follow_network social_network=&#8221;instagram&#8221; url=&#8221;https:\/\/instagram.com\/stanleyforflorida\/&#8221; _builder_version=&#8221;4.25.0&#8243; _module_preset=&#8221;default&#8221; background_color=&#8221;#ea2c59&#8243; global_colors_info=&#8221;{}&#8221; follow_button=&#8221;off&#8221; url_new_window=&#8221;on&#8221;]instagram[\/et_pb_social_media_follow_network][et_pb_social_media_follow_network social_network=&#8221;youtube&#8221; url=&#8221;https:\/\/www.youtube.com\/@stanleyforflorida&#8221; _builder_version=&#8221;4.25.0&#8243; _module_preset=&#8221;default&#8221; background_color=&#8221;#a82400&#8243; global_colors_info=&#8221;{}&#8221; follow_button=&#8221;off&#8221; url_new_window=&#8221;on&#8221;]youtube[\/et_pb_social_media_follow_network][\/et_pb_social_media_follow][\/et_pb_column][et_pb_column type=&#8221;1_2&#8243; _builder_version=&#8221;4.25.0&#8243; _module_preset=&#8221;default&#8221; global_colors_info=&#8221;{}&#8221;][et_pb_text _builder_version=&#8221;4.25.0&#8243; _module_preset=&#8221;default&#8221; header_3_text_color=&#8221;#ffffff&#8221; custom_margin=&#8221;||0px||false|false&#8221; custom_padding=&#8221;||0px||false|false&#8221; global_colors_info=&#8221;{}&#8221;]<\/p>\n<h3>Boletin informativo<\/h3>\n<p>[\/et_pb_text][et_pb_wpt_gravityform gravityform_id=&#8221;gf-1&#8243; title=&#8221;off&#8221; _builder_version=&#8221;4.25.0&#8243; _module_preset=&#8221;default&#8221; global_colors_info=&#8221;{}&#8221;][\/et_pb_wpt_gravityform][\/et_pb_column][\/et_pb_row][\/et_pb_section]<\/p>","protected":false},"excerpt":{"rendered":"<p>Stanley comes from loving, humble roots and a career marked by dedication to public service. He brings a wealth of experience and a vision for a better future for the Sunshine State. Stanley is a native Floridian, raised in the Liberty City area of Miami to a Jamaican father who was a lifelong advocate for [&hellip;]<\/p>","protected":false},"author":1,"featured_media":0,"parent":0,"menu_order":0,"comment_status":"closed","ping_status":"closed","template":"","meta":{"_et_pb_use_builder":"on","_et_pb_old_content":"","_et_gb_content_width":"","footnotes":""},"class_list":["post-13","page","type-page","status-publish","hentry"],"yoast_head":"<!-- This site is optimized with the Yoast SEO plugin v23.2 - https:\/\/yoast.com\/wordpress\/plugins\/seo\/ -->\n<title>Meet Stanley Campbell | A Vision for a Better Future | US Senate<\/title>\n<meta name=\"description\" content=\"Explore Stanley Campbell&#039;s journey from humble roots to public service. Discover his experience in US Military, NASA, Healthcare, Tech, AI &amp; Cyber Security. Shape a brighter future with Stanley, US Senate Democratic candidate in Florida.\" \/>\n<meta name=\"robots\" content=\"index, follow, max-snippet:-1, max-image-preview:large, max-video-preview:-1\" \/>\n<link rel=\"canonical\" href=\"https:\/\/stanleyforflorida.com\/es\/meet-stanley\/\" \/>\n<meta property=\"og:locale\" content=\"es_ES\" \/>\n<meta property=\"og:type\" content=\"article\" \/>\n<meta property=\"og:title\" content=\"Meet Stanley Campbell | A Vision for a Better Future | US Senate\" \/>\n<meta property=\"og:description\" content=\"Explore Stanley Campbell&#039;s journey from humble roots to public service. Discover his experience in US Military, NASA, Healthcare, Tech, AI &amp; Cyber Security. Shape a brighter future with Stanley, US Senate Democratic candidate in Florida.\" \/>\n<meta property=\"og:url\" content=\"https:\/\/stanleyforflorida.com\/es\/meet-stanley\/\" \/>\n<meta property=\"og:site_name\" content=\"Stanley for U.S. Senate\" \/>\n<meta property=\"article:modified_time\" content=\"2024-07-16T15:02:44+00:00\" \/>\n<meta property=\"og:image\" content=\"https:\/\/stanleyforflorida.com\/wp-content\/uploads\/2023\/10\/Stanley-for-Florida-Logo-Blue.png\" \/>\n\t<meta property=\"og:image:width\" content=\"2000\" \/>\n\t<meta property=\"og:image:height\" content=\"581\" \/>\n\t<meta property=\"og:image:type\" content=\"image\/png\" \/>\n<meta name=\"twitter:card\" content=\"summary_large_image\" \/>\n<meta name=\"twitter:label1\" content=\"Tiempo de lectura\" \/>\n\t<meta name=\"twitter:data1\" content=\"3 minutos\" \/>\n<script type=\"application\/ld+json\" class=\"yoast-schema-graph\">{\"@context\":\"https:\/\/schema.org\",\"@graph\":[{\"@type\":\"WebPage\",\"@id\":\"https:\/\/stanleyforflorida.com\/en\/meet-stanley\/\",\"url\":\"https:\/\/stanleyforflorida.com\/en\/meet-stanley\/\",\"name\":\"Meet Stanley Campbell | A Vision for a Better Future | US Senate\",\"isPartOf\":{\"@id\":\"https:\/\/stanleyforflorida.com\/#website\"},\"datePublished\":\"2023-10-05T04:26:01+00:00\",\"dateModified\":\"2024-07-16T15:02:44+00:00\",\"description\":\"Explore Stanley Campbell's journey from humble roots to public service. Discover his experience in US Military, NASA, Healthcare, Tech, AI & Cyber Security. Shape a brighter future with Stanley, US Senate Democratic candidate in Florida.\",\"breadcrumb\":{\"@id\":\"https:\/\/stanleyforflorida.com\/en\/meet-stanley\/#breadcrumb\"},\"inLanguage\":\"es-CO\",\"potentialAction\":[{\"@type\":\"ReadAction\",\"target\":[\"https:\/\/stanleyforflorida.com\/en\/meet-stanley\/\"]}]},{\"@type\":\"BreadcrumbList\",\"@id\":\"https:\/\/stanleyforflorida.com\/en\/meet-stanley\/#breadcrumb\",\"itemListElement\":[{\"@type\":\"ListItem\",\"position\":1,\"name\":\"Home\",\"item\":\"https:\/\/stanleyforflorida.com\/en\/\"},{\"@type\":\"ListItem\",\"position\":2,\"name\":\"Meet Stanley\"}]},{\"@type\":\"WebSite\",\"@id\":\"https:\/\/stanleyforflorida.com\/#website\",\"url\":\"https:\/\/stanleyforflorida.com\/\",\"name\":\"Stanley for U.S. Senate\",\"description\":\"Fighting for a better Florida\",\"publisher\":{\"@id\":\"https:\/\/stanleyforflorida.com\/#organization\"},\"potentialAction\":[{\"@type\":\"SearchAction\",\"target\":{\"@type\":\"EntryPoint\",\"urlTemplate\":\"https:\/\/stanleyforflorida.com\/?s={search_term_string}\"},\"query-input\":\"required name=search_term_string\"}],\"inLanguage\":\"es-CO\"},{\"@type\":\"Organization\",\"@id\":\"https:\/\/stanleyforflorida.com\/#organization\",\"name\":\"Stanley for U.S. Senate\",\"url\":\"https:\/\/stanleyforflorida.com\/\",\"logo\":{\"@type\":\"ImageObject\",\"inLanguage\":\"es-CO\",\"@id\":\"https:\/\/stanleyforflorida.com\/#\/schema\/logo\/image\/\",\"url\":\"https:\/\/stanleyforflorida.com\/wp-content\/uploads\/2023\/10\/Stanley-for-Florida-Logo-Blue.png\",\"contentUrl\":\"https:\/\/stanleyforflorida.com\/wp-content\/uploads\/2023\/10\/Stanley-for-Florida-Logo-Blue.png\",\"width\":2000,\"height\":581,\"caption\":\"Stanley for U.S. Senate\"},\"image\":{\"@id\":\"https:\/\/stanleyforflorida.com\/#\/schema\/logo\/image\/\"},\"sameAs\":[\"https:\/\/youtu.be\/p6ultlgUkCE\"]}]}<\/script>\n<!-- \/ Yoast SEO plugin. -->","yoast_head_json":{"title":"Meet Stanley Campbell | A Vision for a Better Future | US Senate","description":"Explore Stanley Campbell's journey from humble roots to public service. Discover his experience in US Military, NASA, Healthcare, Tech, AI & Cyber Security. Shape a brighter future with Stanley, US Senate Democratic candidate in Florida.","robots":{"index":"index","follow":"follow","max-snippet":"max-snippet:-1","max-image-preview":"max-image-preview:large","max-video-preview":"max-video-preview:-1"},"canonical":"https:\/\/stanleyforflorida.com\/es\/meet-stanley\/","og_locale":"es_ES","og_type":"article","og_title":"Meet Stanley Campbell | A Vision for a Better Future | US Senate","og_description":"Explore Stanley Campbell's journey from humble roots to public service. Discover his experience in US Military, NASA, Healthcare, Tech, AI & Cyber Security. Shape a brighter future with Stanley, US Senate Democratic candidate in Florida.","og_url":"https:\/\/stanleyforflorida.com\/es\/meet-stanley\/","og_site_name":"Stanley for U.S. Senate","article_modified_time":"2024-07-16T15:02:44+00:00","og_image":[{"width":2000,"height":581,"url":"https:\/\/stanleyforflorida.com\/wp-content\/uploads\/2023\/10\/Stanley-for-Florida-Logo-Blue.png","type":"image\/png"}],"twitter_card":"summary_large_image","twitter_misc":{"Tiempo de lectura":"3 minutos"},"schema":{"@context":"https:\/\/schema.org","@graph":[{"@type":"WebPage","@id":"https:\/\/stanleyforflorida.com\/en\/meet-stanley\/","url":"https:\/\/stanleyforflorida.com\/en\/meet-stanley\/","name":"Meet Stanley Campbell | A Vision for a Better Future | US Senate","isPartOf":{"@id":"https:\/\/stanleyforflorida.com\/#website"},"datePublished":"2023-10-05T04:26:01+00:00","dateModified":"2024-07-16T15:02:44+00:00","description":"Explore Stanley Campbell's journey from humble roots to public service. Discover his experience in US Military, NASA, Healthcare, Tech, AI & Cyber Security. Shape a brighter future with Stanley, US Senate Democratic candidate in Florida.","breadcrumb":{"@id":"https:\/\/stanleyforflorida.com\/en\/meet-stanley\/#breadcrumb"},"inLanguage":"es-CO","potentialAction":[{"@type":"ReadAction","target":["https:\/\/stanleyforflorida.com\/en\/meet-stanley\/"]}]},{"@type":"BreadcrumbList","@id":"https:\/\/stanleyforflorida.com\/en\/meet-stanley\/#breadcrumb","itemListElement":[{"@type":"ListItem","position":1,"name":"Home","item":"https:\/\/stanleyforflorida.com\/en\/"},{"@type":"ListItem","position":2,"name":"Meet Stanley"}]},{"@type":"WebSite","@id":"https:\/\/stanleyforflorida.com\/#website","url":"https:\/\/stanleyforflorida.com\/","name":"Stanley for U.S. Senate","description":"Fighting for a better Florida","publisher":{"@id":"https:\/\/stanleyforflorida.com\/#organization"},"potentialAction":[{"@type":"SearchAction","target":{"@type":"EntryPoint","urlTemplate":"https:\/\/stanleyforflorida.com\/?s={search_term_string}"},"query-input":"required name=search_term_string"}],"inLanguage":"es-CO"},{"@type":"Organization","@id":"https:\/\/stanleyforflorida.com\/#organization","name":"Stanley for U.S. Senate","url":"https:\/\/stanleyforflorida.com\/","logo":{"@type":"ImageObject","inLanguage":"es-CO","@id":"https:\/\/stanleyforflorida.com\/#\/schema\/logo\/image\/","url":"https:\/\/stanleyforflorida.com\/wp-content\/uploads\/2023\/10\/Stanley-for-Florida-Logo-Blue.png","contentUrl":"https:\/\/stanleyforflorida.com\/wp-content\/uploads\/2023\/10\/Stanley-for-Florida-Logo-Blue.png","width":2000,"height":581,"caption":"Stanley for U.S. Senate"},"image":{"@id":"https:\/\/stanleyforflorida.com\/#\/schema\/logo\/image\/"},"sameAs":["https:\/\/youtu.be\/p6ultlgUkCE"]}]}},"_links":{"self":[{"href":"https:\/\/stanleyforflorida.com\/es\/wp-json\/wp\/v2\/pages\/13","targetHints":{"allow":["GET"]}}],"collection":[{"href":"https:\/\/stanleyforflorida.com\/es\/wp-json\/wp\/v2\/pages"}],"about":[{"href":"https:\/\/stanleyforflorida.com\/es\/wp-json\/wp\/v2\/types\/page"}],"author":[{"embeddable":true,"href":"https:\/\/stanleyforflorida.com\/es\/wp-json\/wp\/v2\/users\/1"}],"replies":[{"embeddable":true,"href":"https:\/\/stanleyforflorida.com\/es\/wp-json\/wp\/v2\/comments?post=13"}],"version-history":[{"count":47,"href":"https:\/\/stanleyforflorida.com\/es\/wp-json\/wp\/v2\/pages\/13\/revisions"}],"predecessor-version":[{"id":1162,"href":"https:\/\/stanleyforflorida.com\/es\/wp-json\/wp\/v2\/pages\/13\/revisions\/1162"}],"wp:attachment":[{"href":"https:\/\/stanleyforflorida.com\/es\/wp-json\/wp\/v2\/media?parent=13"}],"curies":[{"name":"wp","href":"https:\/\/api.w.org\/{rel}","templated":true}]}}